{"id":84382,"date":"2017-01-23T14:00:15","date_gmt":"2017-01-23T14:00:15","guid":{"rendered":"https:\/\/www.assetproject.pt\/en\/o-que-e-como\/"},"modified":"2017-01-24T18:06:06","modified_gmt":"2017-01-24T18:06:06","slug":"what-and-how","status":"publish","type":"page","link":"http:\/\/assetproject.pt\/en\/what-and-how\/","title":{"rendered":"What and How"},"content":{"rendered":"<div class=\"wpb-content-wrapper\"><p>[vc_row type=&#8221;full_page_width&#8221; padding_top=&#8221;&#8221; padding_bottom=&#8221;&#8221;][vc_column][rev_slider_vc alias=&#8221;porque-e-como&#8221;][\/vc_column][\/vc_row][vc_row type=&#8221;full_page_width_inner_container&#8221; padding_top=&#8221;&#8221; padding_bottom=&#8221;&#8221; el_class=&#8221;overflow-visible&#8221;][vc_column width=&#8221;1\/6&#8243;][\/vc_column][vc_column width=&#8221;2\/3&#8243;][vc_raw_html]JTNDZGl2JTIwY2xhc3MlM0QlMjJkb3duX2Fycm93JTIyJTIwc3R5bGUlM0QlMjJ0b3AlM0ElMjAtNjVweCUzQiUyMiUzRSUzQ2klMjBjbGFzcyUzRCUyMmlvbi1pb3MtYXJyb3ctZG93biUyMiUzRSUzQyUyRmklM0UlM0MlMkZkaXYlM0U=[\/vc_raw_html][\/vc_column][vc_column width=&#8221;1\/6&#8243;][\/vc_column][\/vc_row][vc_row type=&#8221;container&#8221; padding_top=&#8221;&#8221; padding_bottom=&#8221;&#8221;][vc_column width=&#8221;2\/3&#8243;][vc_custom_heading text=&#8221;Applied Investigation, Research &amp; Development&#8221; font_container=&#8221;tag:p|font_size:28|text_align:left|color:%230a0a0a|line_height:1&#8243; use_theme_fonts=&#8221;yes&#8221; css=&#8221;.vc_custom_1485181750222{padding-bottom: 10px !important;}&#8221;][vc_column_text css_animation=&#8221;left-to-right&#8221;]At Higher Functions we have joined, under the same roof, a high-end IR&amp;D team and a support structure that is responsible today for over 2.000 daily technical resolutions.<\/p>\n<p>The close integration of mutually dependent scopes of work represents an unique opportunity for coordinated efforts between the development and its practical day-to-day real-life adequacy and continuous contextual adaptability.<\/p>\n<p>We have allied our exclusive partnerships with all the major retailers and communication service providers, with the research &amp; development team of Faculdade de Ci\u00eancias de Lisboa, that is a participant partner throught the &#8220;Grupo de Fala e Linguagem Natural (NLX)&#8221; and throught &#8220;Grupo de Investiga\u00e7\u00e3o em Multim\u00e9dia e Intera\u00e7\u00e3o Homem-M\u00e1quina (HCIM)&#8221;, both from the computer science department.[\/vc_column_text][\/vc_column][vc_column width=&#8221;1\/3&#8243;][vc_single_image image=&#8221;84376&#8243; img_size=&#8221;&#8221; alignment=&#8221;center&#8221; style=&#8221;vc_box_rounded&#8221; css_animation=&#8221;left-to-right&#8221; el_class=&#8221;padding-top-img&#8221;][\/vc_column][\/vc_row][vc_row type=&#8221;container&#8221; padding_top=&#8221;&#8221; padding_bottom=&#8221;&#8221; css=&#8221;.vc_custom_1464977341990{padding-bottom: 50px !important;}&#8221;][vc_column][vc_separator color=&#8221;#d1d1d1&#8243; type=&#8221;normal&#8221; thickness=&#8221;1&#8243; up=&#8221;&#8221; down=&#8221;&#8221;][\/vc_column][\/vc_row][vc_row type=&#8221;container&#8221; padding_top=&#8221;&#8221; padding_bottom=&#8221;&#8221;][vc_column width=&#8221;1\/4&#8243;][vc_single_image image=&#8221;84377&#8243; img_size=&#8221;&#8221; alignment=&#8221;center&#8221; style=&#8221;vc_box_rounded&#8221; css_animation=&#8221;right-to-left&#8221; el_class=&#8221;padding-top-img-1&#8243;][\/vc_column][vc_column width=&#8221;3\/4&#8243;][vc_custom_heading text=&#8221;Automation and Innovation&#8221; font_container=&#8221;tag:p|font_size:25|text_align:left|color:%230a0a0a|line_height:1&#8243; use_theme_fonts=&#8221;yes&#8221; css=&#8221;.vc_custom_1485181786693{padding-bottom: 10px !important;}&#8221;][vc_column_text css_animation=&#8221;right-to-left&#8221;]ASSET is sustained in the integration of highly-tuned state-of-the-art proprietary systems in the following scopes of research:<\/p>\n<ul>\n<li>Artificial Intelligence<\/li>\n<li>Machine Learning<\/li>\n<li>Human-Machine Interaction<\/li>\n<li>Natural Language Processing<\/li>\n<li>Machine Translation<\/li>\n<\/ul>\n<p>One of our main differentiation factors results of the intelligent selection of the human vs machine intervention, adding value in each usage scenario:<\/p>\n<ul>\n<li>Self-sufficient Algorithm (adequate answer found in existing database) &gt; no human time required;<\/li>\n<li>Partially sufficient algorithm &gt; human time saved; human contribution enhances knowledgebase and algorithm itself;<\/li>\n<li>Insufficient algorithm (no semantically similar dialog in database) &gt; normal support scenario with exclusive human support. Still, algorithm self-improves with the resulting new information.<\/li>\n<\/ul>\n<p>[\/vc_column_text][\/vc_column][\/vc_row]<\/p>\n<\/div>","protected":false},"excerpt":{"rendered":"<p>[vc_row type=&#8221;full_page_width&#8221; padding_top=&#8221;&#8221; padding_bottom=&#8221;&#8221;][vc_column][rev_slider_vc alias=&#8221;porque-e-como&#8221;][\/vc_column][\/vc_row][vc_row type=&#8221;full_page_width_inner_container&#8221; padding_top=&#8221;&#8221; padding_bottom=&#8221;&#8221; el_class=&#8221;overflow-visible&#8221;][vc_column width=&#8221;1\/6&#8243;][\/vc_column][vc_column width=&#8221;2\/3&#8243;][vc_raw_html]JTNDZGl2JTIwY2xhc3MlM0QlMjJkb3duX2Fycm93JTIyJTIwc3R5bGUlM0QlMjJ0b3AlM0ElMjAtNjVweCUzQiUyMiUzRSUzQ2klMjBjbGFzcyUzRCUyMmlvbi1pb3MtYXJyb3ctZG93biUyMiUzRSUzQyUyRmklM0UlM0MlMkZkaXYlM0U=[\/vc_raw_html][\/vc_column][vc_column width=&#8221;1\/6&#8243;][\/vc_column][\/vc_row][vc_row type=&#8221;container&#8221; padding_top=&#8221;&#8221; padding_bottom=&#8221;&#8221;][vc_column width=&#8221;2\/3&#8243;][vc_custom_heading text=&#8221;Applied Investigation, Research &amp; Development&#8221; font_container=&#8221;tag:p|font_size:28|text_align:left|color:%230a0a0a|line_height:1&#8243; use_theme_fonts=&#8221;yes&#8221; css=&#8221;.vc_custom_1485181750222{padding-bottom: 10px !important;}&#8221;][vc_column_text css_animation=&#8221;left-to-right&#8221;]At Higher Functions we have joined, under the same roof, a high-end IR&amp;D team and a support structure that is responsible today for over 2.000 daily technical resolutions. The [&hellip;]<\/p>\n","protected":false},"author":2,"featured_media":0,"parent":0,"menu_order":1,"comment_status":"closed","ping_status":"closed","template":"page-full-width.php","meta":{"_acf_changed":false,"footnotes":""},"class_list":["post-84382","page","type-page","status-publish","hentry"],"acf":[],"_links":{"self":[{"href":"http:\/\/assetproject.pt\/en\/wp-json\/wp\/v2\/pages\/84382","targetHints":{"allow":["GET"]}}],"collection":[{"href":"http:\/\/assetproject.pt\/en\/wp-json\/wp\/v2\/pages"}],"about":[{"href":"http:\/\/assetproject.pt\/en\/wp-json\/wp\/v2\/types\/page"}],"author":[{"embeddable":true,"href":"http:\/\/assetproject.pt\/en\/wp-json\/wp\/v2\/users\/2"}],"replies":[{"embeddable":true,"href":"http:\/\/assetproject.pt\/en\/wp-json\/wp\/v2\/comments?post=84382"}],"version-history":[{"count":3,"href":"http:\/\/assetproject.pt\/en\/wp-json\/wp\/v2\/pages\/84382\/revisions"}],"predecessor-version":[{"id":84409,"href":"http:\/\/assetproject.pt\/en\/wp-json\/wp\/v2\/pages\/84382\/revisions\/84409"}],"wp:attachment":[{"href":"http:\/\/assetproject.pt\/en\/wp-json\/wp\/v2\/media?parent=84382"}],"curies":[{"name":"wp","href":"https:\/\/api.w.org\/{rel}","templated":true}]}}